{"id":97,"date":"2013-01-18T16:32:45","date_gmt":"2013-01-18T14:32:45","guid":{"rendered":"http:\/\/www.s451240039.online.de\/wordpress\/?page_id=97"},"modified":"2021-05-19T12:06:28","modified_gmt":"2021-05-19T10:06:28","slug":"codingtechnologies-gmbh-nurnberg","status":"publish","type":"page","link":"https:\/\/www.seed.ch\/?page_id=97","title":{"rendered":"Codingtechnologies GmbH, N\u00fcrnberg"},"content":{"rendered":"<p><a href=\"https:\/\/www.seed.ch\/?attachment_id=94\" rel=\"attachment wp-att-94\"><img loading=\"lazy\" decoding=\"async\" src=\"https:\/\/www.seed.ch\/wp-content\/uploads\/2013\/01\/ct_logo.gif\" alt=\"ct_logo\" width=\"226\" height=\"105\" \/><\/a><\/p>\n<p>Design komplexer Softwarel\u00f6sungen in dem Bereich digitale Audiocodierung.<\/p>\n<p>Implementierung und Optimierung der Spektralbandreplikation (SBR, englisch: <i>Spectral Band Replication<\/i>) und parametrischen Stereo f\u00fcr Embedded AAC Plus Encoder und Decoder.<\/p>\n<p>Die\u00a0 Spektralbandreplikation wird benutzt, um Kodierungsverfahren zur verlustbehafteten Komprimierung von Audiodateien bei niedrigen Bitraten (typischerweise 24\u00a0kbps bis 64\u00a0kbps) in einer akzeptable Qualit\u00e4t zu erm\u00f6glichen. Dazu werden Frequenzanteile oberhalb einer Grenzfrequenz (zum Beispiel zwischen 4 und 8\u00a0kHz) nicht mehr direkt kodiert, sondern mittels Steuersignalen aus direkt kodierten mittleren und tieferen Signalbereichen durch \u00e4hnlich klingende Signale regeneriert.<\/p>\n<p>Zur weiteren Steigerung der Kodiereffizenz kann bei Stereo Signalen parametrisches Stereo verwendet werden. Ein parametrischer Stereo-Encoder erstellt aus einem Stereo-Eingangssignal ein Monosignal. Dazu speichert der Encoder f\u00fcr jeden Zeitpunkt noch die wichtigsten Stereo-Parameter (zum Beispiel Phasenunterschiede, Panorama-Informationen, Raumklang) der zwei Eingangskan\u00e4le. Diese Stereo-Parameter werden mit einer Bitrate von etwa 2\u20133\u00a0kBit\/s als <i>parametrische Repr\u00e4sentation der Stereoinformation<\/i> in den Datenstrom eingebettet. Mit Hilfe dieser parametrischen Informationen versucht der Decoder das Stereo-Signal sp\u00e4ter so gut wie m\u00f6glich aus dem gespeicherten Monosignal wiederherzustellen. So wird f\u00fcr den Zuh\u00f6rer die realit\u00e4tsnahe Illusion eines echten Stereosignals erzeugt.<\/p>\n<p><a href=\"https:\/\/www.seed.ch\/?attachment_id=181\" rel=\"attachment wp-att-36\"><img loading=\"lazy\" decoding=\"async\" class=\"alignnone size-full wp-image-36\" src=\"https:\/\/www.seed.ch\/wp-content\/uploads\/2013\/01\/pdf_icon.gif\" alt=\"pdf_icon\" width=\"50\" height=\"50\" \/><\/a>Spectral band replication<\/p>\n<p><a href=\"https:\/\/www.seed.ch\/?attachment_id=185\" rel=\"attachment wp-att-36\"><img loading=\"lazy\" decoding=\"async\" class=\"alignnone size-full wp-image-36\" src=\"https:\/\/www.seed.ch\/wp-content\/uploads\/2013\/01\/pdf_icon.gif\" alt=\"pdf_icon\" width=\"50\" height=\"50\" \/><\/a>AAC Plus whitepaper<\/p>\n<p>&nbsp;<\/p>\n","protected":false},"excerpt":{"rendered":"<p>Design komplexer Softwarel\u00f6sungen in dem Bereich digitale Audiocodierung. Implementierung und Optimierung der Spektralbandreplikation (SBR, englisch: Spectral Band Replication) und parametrischen Stereo f\u00fcr Embedded AAC Plus Encoder und Decoder. Die\u00a0 Spektralbandreplikation wird benutzt, um Kodierungsverfahren zur verlustbehafteten Komprimierung von Audiodateien bei niedrigen Bitraten (typischerweise 24\u00a0kbps bis 64\u00a0kbps) in einer akzeptable Qualit\u00e4t zu erm\u00f6glichen. Dazu werden Frequenzanteile [&hellip;]<\/p>\n","protected":false},"author":1,"featured_media":0,"parent":10,"menu_order":0,"comment_status":"closed","ping_status":"open","template":"","meta":{"footnotes":""},"class_list":["post-97","page","type-page","status-publish","hentry"],"_links":{"self":[{"href":"https:\/\/www.seed.ch\/index.php?rest_route=\/wp\/v2\/pages\/97","targetHints":{"allow":["GET"]}}],"collection":[{"href":"https:\/\/www.seed.ch\/index.php?rest_route=\/wp\/v2\/pages"}],"about":[{"href":"https:\/\/www.seed.ch\/index.php?rest_route=\/wp\/v2\/types\/page"}],"author":[{"embeddable":true,"href":"https:\/\/www.seed.ch\/index.php?rest_route=\/wp\/v2\/users\/1"}],"replies":[{"embeddable":true,"href":"https:\/\/www.seed.ch\/index.php?rest_route=%2Fwp%2Fv2%2Fcomments&post=97"}],"version-history":[{"count":20,"href":"https:\/\/www.seed.ch\/index.php?rest_route=\/wp\/v2\/pages\/97\/revisions"}],"predecessor-version":[{"id":333,"href":"https:\/\/www.seed.ch\/index.php?rest_route=\/wp\/v2\/pages\/97\/revisions\/333"}],"up":[{"embeddable":true,"href":"https:\/\/www.seed.ch\/index.php?rest_route=\/wp\/v2\/pages\/10"}],"wp:attachment":[{"href":"https:\/\/www.seed.ch\/index.php?rest_route=%2Fwp%2Fv2%2Fmedia&parent=97"}],"curies":[{"name":"wp","href":"https:\/\/api.w.org\/{rel}","templated":true}]}}