{"id":86,"date":"2013-01-18T16:19:55","date_gmt":"2013-01-18T14:19:55","guid":{"rendered":"http:\/\/www.s451240039.online.de\/wordpress\/?page_id=86"},"modified":"2021-05-19T12:11:58","modified_gmt":"2021-05-19T10:11:58","slug":"hitex-development-tools-gmbh-karlsruhe","status":"publish","type":"page","link":"https:\/\/www.seed.ch\/?page_id=86","title":{"rendered":"Hitex Development Tools GmbH, Karlsruhe"},"content":{"rendered":"<p><a href=\"https:\/\/www.seed.ch\/?attachment_id=82\" rel=\"attachment wp-att-82\"><img loading=\"lazy\" decoding=\"async\" src=\"https:\/\/www.seed.ch\/wp-content\/uploads\/2013\/01\/hitex_logo.gif\" alt=\"hitex_logo\" width=\"300\" height=\"65\" \/><\/a><\/p>\n<p>Design und Implementierung von Symbolpr\u00e4prozessoren f\u00fcr In-Circuit Emulatoren.<\/p>\n<p>Die Symbolpr\u00e4prozessoren wurde als Frontent f\u00fcr die Hitop basierenden In-Circuit-Emulatoren entwickelt, um die die propriet\u00e4ren Debug Informationen verschiedener C Cross Compiler Hersteller in ein standardisiertes Format zu wandeln.<\/p>\n<p><a href=\"https:\/\/www.seed.ch\/?attachment_id=90\" rel=\"attachment wp-att-36\"><img loading=\"lazy\" decoding=\"async\" class=\"alignnone size-full wp-image-36\" src=\"https:\/\/www.seed.ch\/wp-content\/uploads\/2013\/01\/pdf_icon.gif\" alt=\"pdf_icon\" width=\"50\" height=\"50\" \/><\/a>High-level-language Debugging mit Hitop<\/p>\n<p>&nbsp;<\/p>\n<p>&nbsp;<\/p>\n<p>&nbsp;<\/p>\n","protected":false},"excerpt":{"rendered":"<p>Design und Implementierung von Symbolpr\u00e4prozessoren f\u00fcr In-Circuit Emulatoren. Die Symbolpr\u00e4prozessoren wurde als Frontent f\u00fcr die Hitop basierenden In-Circuit-Emulatoren entwickelt, um die die propriet\u00e4ren Debug Informationen verschiedener C Cross Compiler Hersteller in ein standardisiertes Format zu wandeln. High-level-language Debugging mit Hitop &nbsp; &nbsp; &nbsp;<\/p>\n","protected":false},"author":1,"featured_media":0,"parent":10,"menu_order":0,"comment_status":"closed","ping_status":"open","template":"","meta":{"footnotes":""},"class_list":["post-86","page","type-page","status-publish","hentry"],"_links":{"self":[{"href":"https:\/\/www.seed.ch\/index.php?rest_route=\/wp\/v2\/pages\/86","targetHints":{"allow":["GET"]}}],"collection":[{"href":"https:\/\/www.seed.ch\/index.php?rest_route=\/wp\/v2\/pages"}],"about":[{"href":"https:\/\/www.seed.ch\/index.php?rest_route=\/wp\/v2\/types\/page"}],"author":[{"embeddable":true,"href":"https:\/\/www.seed.ch\/index.php?rest_route=\/wp\/v2\/users\/1"}],"replies":[{"embeddable":true,"href":"https:\/\/www.seed.ch\/index.php?rest_route=%2Fwp%2Fv2%2Fcomments&post=86"}],"version-history":[{"count":8,"href":"https:\/\/www.seed.ch\/index.php?rest_route=\/wp\/v2\/pages\/86\/revisions"}],"predecessor-version":[{"id":337,"href":"https:\/\/www.seed.ch\/index.php?rest_route=\/wp\/v2\/pages\/86\/revisions\/337"}],"up":[{"embeddable":true,"href":"https:\/\/www.seed.ch\/index.php?rest_route=\/wp\/v2\/pages\/10"}],"wp:attachment":[{"href":"https:\/\/www.seed.ch\/index.php?rest_route=%2Fwp%2Fv2%2Fmedia&parent=86"}],"curies":[{"name":"wp","href":"https:\/\/api.w.org\/{rel}","templated":true}]}}