{"id":57,"date":"2013-01-18T15:37:18","date_gmt":"2013-01-18T13:37:18","guid":{"rendered":"http:\/\/www.s451240039.online.de\/wordpress\/?page_id=57"},"modified":"2021-05-19T12:10:58","modified_gmt":"2021-05-19T10:10:58","slug":"fraunhofer-institut-fur-integrierte-schaltungen-erlangen","status":"publish","type":"page","link":"https:\/\/www.seed.ch\/?page_id=57","title":{"rendered":"Fraunhofer Institut f\u00fcr integrierte Schaltungen, Erlangen"},"content":{"rendered":"<p align=\"justify\"><a href=\"https:\/\/www.seed.ch\/?attachment_id=60\" rel=\"attachment wp-att-60\"><img loading=\"lazy\" decoding=\"async\" class=\"alignnone size-full wp-image-60\" src=\"https:\/\/www.seed.ch\/wp-content\/uploads\/2013\/01\/iis_logo.gif\" alt=\"iis_logo\" width=\"166\" height=\"55\" \/><\/a><\/p>\n<p align=\"justify\">Design und Implementierung von Softwarel\u00f6sungen f\u00fcr die Kompression und Dekompression von Audiodaten im MP3-Format<\/p>\n<p align=\"justify\">Seit der Einf\u00fchrung der CD als erstes Massenmedium zur Speicherung digitaler (Musik-) Daten hat die Verarbeitung und Speicherung digitalisierter Musik ein weites Anwendungsfeld erschlossen.<\/p>\n<p align=\"justify\">Zu den bekanntesten Anwendungen z\u00e4hlt sicherlich der Digitale Rundfunk DAB (Digital Audio Broadcast), der es erm\u00f6glichen wird, Musik \u00fcberall in nahezu CD-Qualit\u00e4t zu empfangen. Andere Einsatzgebiete sind beispielsweise Musik\u00fcbertragungen via Internet oder das von der Telekom eingef\u00fchrte Audio-ISDN, das globale Verf\u00fcgbarkeit von Musikdaten mit sich bringen wird.<\/p>\n<p align=\"justify\">Aufgrund der begrenzten Kanalkapazit\u00e4ten, die DAB oder ISDN zur Verf\u00fcgung stehen, kann jedoch nicht das volle CD-Signal mit einer Datenrate von 1400 kbit\/s (stereo) \u00fcbertragen werden. Vielmehr m\u00fcssen intelligente Algorithmen zur Datenreduktion eingesetzt werden, die es erm\u00f6glichen, auch bei Bitraten von 2 x 64 kbit\/s (ISDN, stereo) fast CD-Qualit\u00e4t zu erreichen.<\/p>\n<p align=\"justify\">Dabei verwenden heutige moderne Verfahren nicht nur Methoden zur Redundanzreduktion des Signals, vielmehr wird versucht, Eigenheiten des menschlichen H\u00f6rapparats so zu nutzen, da\u00df irrelevante Signalanteile nicht mit \u00fcbertragen werden m\u00fcssen. Diese Art der Codierung wird als geh\u00f6rbezogene Codierung bezeichnet (&#8222;perceptual coding&#8220;). Sie wurde m\u00f6glich durch die konsequente Anwendung psychoakustischer Erkenntnisse.<\/p>\n<p align=\"justify\">Das Fraunhofer Institut f\u00fcr integrierte Schaltungen (IIS) in Erlangen war ma\u00dfgeblich an der Entwicklung solcher Verfahren beteiligt, in Zusammenarbeit mit anderenen Institutionen (AT&amp;T, Dolby Laboratories u.a) im MPEG-Kommitee enstand schlie\u00dflich in den lezten Jahren der ISO\/MPEG 11172 Standard [1] f\u00fcr die Codierung bewegter Bilder und zugeh\u00f6rigen Ton, wobei der Audio Teil heute wie schon oben erw\u00e4hnt in sehr vielen Bereichen zum Einsatz kommt.<\/p>\n<p align=\"justify\">Bislang waren diese Verfahren aufgrund ihrer Komplexit\u00e4t nur mit Hilfe von spezialisierter Hardware einsetzbar, durch das Aufkommen von immer leistungsf\u00e4higeren Prozessoren r\u00fccken nun aber auch &#8222;Software-L\u00f6sungen&#8220; in den Bereich des M\u00f6glichen. Im Rahmen einer fr\u00fcheren Zusammenarbeit mit dem FHG-IIS enstand beispielsweise ein rein Software basierender Echtzeit ISO\/MPEG Audio-Decoder f\u00fcr leistungsf\u00e4hige IBM-kompatible PC&#8217;s unter Microsoft-Windows.<\/p>\n<p>Durch die immer weitere Verbreitung der leistungsf\u00e4higen Intel-Pentium Prozessoren ist nun speziell f\u00fcr die sich rapide vergr\u00f6\u00dfernde Multimediawelt ein Echtzeit-Encoder unter Microsoft Windows von gro\u00dfem Interesse. Da bis dato nur Software Simulations Encoder enwickelt wurden, stellt dieses Projekt in der Tat technisches Neuland dar.<\/p>\n<p><a href=\"https:\/\/www.seed.ch\/?attachment_id=59\" rel=\"attachment wp-att-36\"><img loading=\"lazy\" decoding=\"async\" class=\"alignnone size-full wp-image-36\" src=\"https:\/\/www.seed.ch\/wp-content\/uploads\/2013\/01\/pdf_icon.gif\" alt=\"pdf_icon\" width=\"50\" height=\"50\" \/><\/a>AES Paper Realtime Implementation eines ISO\/MPEG Layer 3 Encoders<\/p>\n","protected":false},"excerpt":{"rendered":"<p>Design und Implementierung von Softwarel\u00f6sungen f\u00fcr die Kompression und Dekompression von Audiodaten im MP3-Format Seit der Einf\u00fchrung der CD als erstes Massenmedium zur Speicherung digitaler (Musik-) Daten hat die Verarbeitung und Speicherung digitalisierter Musik ein weites Anwendungsfeld erschlossen. Zu den bekanntesten Anwendungen z\u00e4hlt sicherlich der Digitale Rundfunk DAB (Digital Audio Broadcast), der es erm\u00f6glichen wird, [&hellip;]<\/p>\n","protected":false},"author":1,"featured_media":0,"parent":10,"menu_order":0,"comment_status":"closed","ping_status":"open","template":"","meta":{"footnotes":""},"class_list":["post-57","page","type-page","status-publish","hentry"],"_links":{"self":[{"href":"https:\/\/www.seed.ch\/index.php?rest_route=\/wp\/v2\/pages\/57","targetHints":{"allow":["GET"]}}],"collection":[{"href":"https:\/\/www.seed.ch\/index.php?rest_route=\/wp\/v2\/pages"}],"about":[{"href":"https:\/\/www.seed.ch\/index.php?rest_route=\/wp\/v2\/types\/page"}],"author":[{"embeddable":true,"href":"https:\/\/www.seed.ch\/index.php?rest_route=\/wp\/v2\/users\/1"}],"replies":[{"embeddable":true,"href":"https:\/\/www.seed.ch\/index.php?rest_route=%2Fwp%2Fv2%2Fcomments&post=57"}],"version-history":[{"count":9,"href":"https:\/\/www.seed.ch\/index.php?rest_route=\/wp\/v2\/pages\/57\/revisions"}],"predecessor-version":[{"id":336,"href":"https:\/\/www.seed.ch\/index.php?rest_route=\/wp\/v2\/pages\/57\/revisions\/336"}],"up":[{"embeddable":true,"href":"https:\/\/www.seed.ch\/index.php?rest_route=\/wp\/v2\/pages\/10"}],"wp:attachment":[{"href":"https:\/\/www.seed.ch\/index.php?rest_route=%2Fwp%2Fv2%2Fmedia&parent=57"}],"curies":[{"name":"wp","href":"https:\/\/api.w.org\/{rel}","templated":true}]}}