{"id":47,"date":"2013-01-18T15:30:57","date_gmt":"2013-01-18T13:30:57","guid":{"rendered":"http:\/\/www.s451240039.online.de\/wordpress\/?page_id=47"},"modified":"2021-05-19T12:17:07","modified_gmt":"2021-05-19T10:17:07","slug":"otto-lift-systeme-gmbh","status":"publish","type":"page","link":"https:\/\/www.seed.ch\/?page_id=47","title":{"rendered":"Otto Lift Systeme GmbH, Augsburg"},"content":{"rendered":"<p><a href=\"https:\/\/www.seed.ch\/?attachment_id=48\" rel=\"attachment wp-att-48\"><img loading=\"lazy\" decoding=\"async\" class=\"alignnone size-full wp-image-48\" alt=\"ottologo\" src=\"https:\/\/www.seed.ch\/wp-content\/uploads\/2013\/01\/ottologo.gif\" width=\"120\" height=\"118\" \/><\/a><\/p>\n<p align=\"justify\">Erstellung einer Softwarel\u00f6sung zur automatischen Erfassung von Wiegedaten f\u00fcr die Entsorgungsbranche.<\/p>\n<p align=\"justify\">Die komplette Software und die Hardware, die zum Lesen der Halbleiterkassetten eigens f\u00fcr dieses Projekt entwickelt wurde, ist von der physikalisch technischen Bundesanstalt in Braunschweig (PTB) zertifiziert worden.<\/p>\n<p align=\"justify\"><a href=\"https:\/\/www.seed.ch\/?attachment_id=50\" rel=\"attachment wp-att-36\"><img loading=\"lazy\" decoding=\"async\" class=\"alignnone size-full wp-image-36\" alt=\"pdf_icon\" src=\"https:\/\/www.seed.ch\/wp-content\/uploads\/2013\/01\/pdf_icon.gif\" width=\"50\" height=\"50\" \/><\/a>Beh\u00e4lterverwaltung Zschopau<\/p>\n<p align=\"justify\">\n","protected":false},"excerpt":{"rendered":"<p>Erstellung einer Softwarel\u00f6sung zur automatischen Erfassung von Wiegedaten f\u00fcr die Entsorgungsbranche. Die komplette Software und die Hardware, die zum Lesen der Halbleiterkassetten eigens f\u00fcr dieses Projekt entwickelt wurde, ist von der physikalisch technischen Bundesanstalt in Braunschweig (PTB) zertifiziert worden. Beh\u00e4lterverwaltung Zschopau<\/p>\n","protected":false},"author":1,"featured_media":0,"parent":10,"menu_order":0,"comment_status":"closed","ping_status":"closed","template":"","meta":{"footnotes":""},"class_list":["post-47","page","type-page","status-publish","hentry"],"_links":{"self":[{"href":"https:\/\/www.seed.ch\/index.php?rest_route=\/wp\/v2\/pages\/47","targetHints":{"allow":["GET"]}}],"collection":[{"href":"https:\/\/www.seed.ch\/index.php?rest_route=\/wp\/v2\/pages"}],"about":[{"href":"https:\/\/www.seed.ch\/index.php?rest_route=\/wp\/v2\/types\/page"}],"author":[{"embeddable":true,"href":"https:\/\/www.seed.ch\/index.php?rest_route=\/wp\/v2\/users\/1"}],"replies":[{"embeddable":true,"href":"https:\/\/www.seed.ch\/index.php?rest_route=%2Fwp%2Fv2%2Fcomments&post=47"}],"version-history":[{"count":8,"href":"https:\/\/www.seed.ch\/index.php?rest_route=\/wp\/v2\/pages\/47\/revisions"}],"predecessor-version":[{"id":342,"href":"https:\/\/www.seed.ch\/index.php?rest_route=\/wp\/v2\/pages\/47\/revisions\/342"}],"up":[{"embeddable":true,"href":"https:\/\/www.seed.ch\/index.php?rest_route=\/wp\/v2\/pages\/10"}],"wp:attachment":[{"href":"https:\/\/www.seed.ch\/index.php?rest_route=%2Fwp%2Fv2%2Fmedia&parent=47"}],"curies":[{"name":"wp","href":"https:\/\/api.w.org\/{rel}","templated":true}]}}