{"id":27,"date":"2013-01-18T14:53:26","date_gmt":"2013-01-18T12:53:26","guid":{"rendered":"http:\/\/www.s451240039.online.de\/wordpress\/?page_id=27"},"modified":"2021-05-19T12:14:36","modified_gmt":"2021-05-19T10:14:36","slug":"matrix-vision-gmbh-oppenweiler","status":"publish","type":"page","link":"https:\/\/www.seed.ch\/?page_id=27","title":{"rendered":"Matrix Vision GmbH, Oppenweiler"},"content":{"rendered":"<p align=\"justify\"><a href=\"https:\/\/www.seed.ch\/?attachment_id=28\" rel=\"attachment wp-att-28\"><img loading=\"lazy\" decoding=\"async\" class=\"alignnone size-full wp-image-28\" src=\"https:\/\/www.seed.ch\/wp-content\/uploads\/2013\/01\/matlogog.gif\" alt=\"matlogog\" width=\"400\" height=\"82\" \/><\/a><\/p>\n<p align=\"justify\">Realisierung von Algorithmen f\u00fcr die digitale Bildverarbeitung<\/p>\n<p align=\"justify\">Unter Verwendung von Autokorrelationsverfahren und Fourierdescriptoren wurden f\u00fcr PC basierende Framegrabber Karten echtzeitf\u00e4hige Bibliotheken f\u00fc Borland C++ erstellt.<\/p>\n<p align=\"justify\"><a href=\"https:\/\/www.seed.ch\/?attachment_id=29\" rel=\"attachment wp-att-36\"><img loading=\"lazy\" decoding=\"async\" class=\"size-full wp-image-36 alignnone\" src=\"https:\/\/www.seed.ch\/wp-content\/uploads\/2013\/01\/pdf_icon.gif\" alt=\"pdf_icon\" width=\"50\" height=\"50\" \/><\/a>NKF-Library f\u00fcr die rechnerunterst\u00fctzte Suche von trainierten Objekten in Realzeit<\/p>\n<p align=\"justify\"><a href=\"https:\/\/www.seed.ch\/?attachment_id=30\" rel=\"attachment wp-att-36\"><img loading=\"lazy\" decoding=\"async\" class=\"alignnone size-full wp-image-36\" src=\"https:\/\/www.seed.ch\/wp-content\/uploads\/2013\/01\/pdf_icon.gif\" alt=\"pdf_icon\" width=\"50\" height=\"50\" \/><\/a>OCR-Library f\u00fcr die Schrifterkennung in Realzeit<\/p>\n","protected":false},"excerpt":{"rendered":"<p>Realisierung von Algorithmen f\u00fcr die digitale Bildverarbeitung Unter Verwendung von Autokorrelationsverfahren und Fourierdescriptoren wurden f\u00fcr PC basierende Framegrabber Karten echtzeitf\u00e4hige Bibliotheken f\u00fc Borland C++ erstellt. NKF-Library f\u00fcr die rechnerunterst\u00fctzte Suche von trainierten Objekten in Realzeit OCR-Library f\u00fcr die Schrifterkennung in Realzeit<\/p>\n","protected":false},"author":1,"featured_media":0,"parent":10,"menu_order":0,"comment_status":"closed","ping_status":"open","template":"","meta":{"footnotes":""},"class_list":["post-27","page","type-page","status-publish","hentry"],"_links":{"self":[{"href":"https:\/\/www.seed.ch\/index.php?rest_route=\/wp\/v2\/pages\/27","targetHints":{"allow":["GET"]}}],"collection":[{"href":"https:\/\/www.seed.ch\/index.php?rest_route=\/wp\/v2\/pages"}],"about":[{"href":"https:\/\/www.seed.ch\/index.php?rest_route=\/wp\/v2\/types\/page"}],"author":[{"embeddable":true,"href":"https:\/\/www.seed.ch\/index.php?rest_route=\/wp\/v2\/users\/1"}],"replies":[{"embeddable":true,"href":"https:\/\/www.seed.ch\/index.php?rest_route=%2Fwp%2Fv2%2Fcomments&post=27"}],"version-history":[{"count":19,"href":"https:\/\/www.seed.ch\/index.php?rest_route=\/wp\/v2\/pages\/27\/revisions"}],"predecessor-version":[{"id":339,"href":"https:\/\/www.seed.ch\/index.php?rest_route=\/wp\/v2\/pages\/27\/revisions\/339"}],"up":[{"embeddable":true,"href":"https:\/\/www.seed.ch\/index.php?rest_route=\/wp\/v2\/pages\/10"}],"wp:attachment":[{"href":"https:\/\/www.seed.ch\/index.php?rest_route=%2Fwp%2Fv2%2Fmedia&parent=27"}],"curies":[{"name":"wp","href":"https:\/\/api.w.org\/{rel}","templated":true}]}}