{"id":2,"date":"2013-01-18T11:04:17","date_gmt":"2013-01-18T11:04:17","guid":{"rendered":"http:\/\/www.s451240039.online.de\/wordpress\/?page_id=2"},"modified":"2018-05-28T09:55:05","modified_gmt":"2018-05-28T07:55:05","slug":"beispiel-seite","status":"publish","type":"page","link":"https:\/\/www.seed.ch\/","title":{"rendered":"Home"},"content":{"rendered":"<p><strong>SEED<sup>\u00ae<\/sup> IT GmbH erstellt Software im Komplettpaket<\/strong><\/p>\n<p>Seit 1991 arbeiten wir als Dienstleister der Software Entwicklung im Bereich der industriellen Forschung und Entwicklung.<\/p>\n<p>Wir bieten unseren Kunden ein Komplettes Dienstleistungspaket rund um individuelle Software und &#8222;all inclusive&#8220; an: Die Software wird streng nach Vorgaben des Kunden erstellt, individuell auf die bevorstehenden Anforderungen abgestimmt. H\u00f6chste Effektivit\u00e4t steht dabei im Vordergrund.<\/p>\n<p>Wir verf\u00fcgen \u00fcber die neusten Betriebssystemversionen und Entwicklungstools. F\u00fcr den Kunden hei\u00dft das, mit seiner Software immer &#8222;up-to-date&#8220; zu sein und so gelassen in die Zukunft blicken zu k\u00f6nnen.<\/p>\n<p>Auch in der EDV-Beratung stehen wir unseren Kunden zu Seite. Wir beraten bei der Strukturierung von neuen Softwareprojekten, und zeigen Wege auf, wie Standardsoftware zur L\u00f6sung von spezifischen und komplexen Problemen eingesetzt werden kann.<\/p>\n<p>Wer auf uns baut, baut auf langj\u00e4hrige Erfahrung und kann sich somit sicher sein, dass es auch in Zukunft in Softwarefragen kein b\u00f6ses Erwachen gibt.<\/p>\n<p>Der gr\u00f6\u00dfte Erfolg war f\u00fcr uns die Entwicklung eines MP3 Players f\u00fcr Windows Mitte der 90\u2019er Jahre f\u00fcr das Fraunhofer Institut in Erlangen, lange bevor andere auf diesen Zug aufsprangen. F\u00fcr die Musikszene war dieses Projekt sehr wertvoll, viele K\u00fcnstler pr\u00e4sentieren sich nun auf MP3, da es dank MP3 m\u00f6glich ist, Musik schnell aus dem Internet in guter Qualit\u00e4t herunterzuladen. Das war vorher in dieser Tonqualit\u00e4t nicht m\u00f6glich.<\/p>\n<p><strong>Kundenorientierung wird\u00a0bei der SEED<sup>\u00ae<\/sup> IT GmbH mit Kundentreue belohnt<\/strong><\/p>\n<p>Weitere Auftr\u00e4ge reihten sich nahtlos an. Nicht zuletzt auch wegen der ganz besonderen Beziehung zu unseren Kunden. Nur wer seine Kunden kennt und mit ihnen im Gespr\u00e4ch bleibt, kann eine Software erstellen, die ihren Anforderungen und Bed\u00fcrfnissen gerecht wird.<\/p>\n<p>Kundenfreundlichkeit, Kompetenz und individueller Service stehen bei uns an erster Stelle. Unseren Kunden sagt diese Gewichtung zu. Martin Dietz, ehm. Fraunhofer Institut f\u00fcr integrierte Schaltungen in Erlangen und Tr\u00e4ger des Bundesforschungspreis.<\/p>\n<p>&#8222;Wir waren und wir sind sehr zufrieden mit unserem Software-Partner SEED<sup>\u00ae <\/sup>IT GmbH. Der Service und die Kundenberatung sind optimal, und das Ergebnis kann sich immer sehen lassen, Software vom Feinsten&#8230;&#8220;<\/p>\n<p>In diesem Sinne, Markus Werner, Diplom Informatiker (FH), Gesch\u00e4ftsf\u00fchrer<\/p>\n","protected":false},"excerpt":{"rendered":"<p>SEED\u00ae IT GmbH erstellt Software im Komplettpaket Seit 1991 arbeiten wir als Dienstleister der Software Entwicklung im Bereich der industriellen Forschung und Entwicklung. Wir bieten unseren Kunden ein Komplettes Dienstleistungspaket rund um individuelle Software und &#8222;all inclusive&#8220; an: Die Software wird streng nach Vorgaben des Kunden erstellt, individuell auf die bevorstehenden Anforderungen abgestimmt. H\u00f6chste Effektivit\u00e4t [&hellip;]<\/p>\n","protected":false},"author":1,"featured_media":0,"parent":0,"menu_order":0,"comment_status":"closed","ping_status":"open","template":"","meta":{"footnotes":""},"class_list":["post-2","page","type-page","status-publish","hentry"],"_links":{"self":[{"href":"https:\/\/www.seed.ch\/index.php?rest_route=\/wp\/v2\/pages\/2","targetHints":{"allow":["GET"]}}],"collection":[{"href":"https:\/\/www.seed.ch\/index.php?rest_route=\/wp\/v2\/pages"}],"about":[{"href":"https:\/\/www.seed.ch\/index.php?rest_route=\/wp\/v2\/types\/page"}],"author":[{"embeddable":true,"href":"https:\/\/www.seed.ch\/index.php?rest_route=\/wp\/v2\/users\/1"}],"replies":[{"embeddable":true,"href":"https:\/\/www.seed.ch\/index.php?rest_route=%2Fwp%2Fv2%2Fcomments&post=2"}],"version-history":[{"count":9,"href":"https:\/\/www.seed.ch\/index.php?rest_route=\/wp\/v2\/pages\/2\/revisions"}],"predecessor-version":[{"id":282,"href":"https:\/\/www.seed.ch\/index.php?rest_route=\/wp\/v2\/pages\/2\/revisions\/282"}],"wp:attachment":[{"href":"https:\/\/www.seed.ch\/index.php?rest_route=%2Fwp%2Fv2%2Fmedia&parent=2"}],"curies":[{"name":"wp","href":"https:\/\/api.w.org\/{rel}","templated":true}]}}