{"id":100,"date":"2013-01-18T16:32:56","date_gmt":"2013-01-18T14:32:56","guid":{"rendered":"http:\/\/www.s451240039.online.de\/wordpress\/?page_id=100"},"modified":"2021-05-19T12:16:10","modified_gmt":"2021-05-19T10:16:10","slug":"moving-picture-experts-group-mpeg-isoiec-jtc1sc29wg11","status":"publish","type":"page","link":"https:\/\/www.seed.ch\/?page_id=100","title":{"rendered":"Moving Picture Experts Group (MPEG), ISO\/IEC JTC1\/SC29\/WG11"},"content":{"rendered":"<p><a href=\"https:\/\/www.seed.ch\/?attachment_id=95\" rel=\"attachment wp-att-95\"><img loading=\"lazy\" decoding=\"async\" src=\"https:\/\/www.seed.ch\/wp-content\/uploads\/2013\/01\/mpeg.gif\" alt=\"mpeg\" width=\"130\" height=\"162\" \/><\/a><\/p>\n<p>Redesign der MPEG 4 natural audio reference decoder Software. Die ISO-Referenzsoftware wurde im Auftrag mehrerer Firmen und Institutionen der Moving Picture Expert Group\u00a0 mit dem Schwerpunkt\u00a0 auf Softwaredesign und Effizienz \u00fcberarbeitet, und somit die weiteren Entwicklungsschritte wesentlich beschleunigt.<\/p>\n<p>MPEG-4 ist ein MPEG-Standard (ISO\/IEC-14496), der unter anderem Verfahren zur Video- und Audiodatenkompression beschreibt. Urspr\u00fcnglich war das Ziel von MPEG-4, Systeme mit geringen Ressourcen oder schmalen Bandbreiten (Mobiltelefon, Video-Telefon, &#8230;) bei relativ geringen Qualit\u00e4tseinbu\u00dfen zu unterst\u00fctzen. Da H.263, ein Standard der ITU zur Videodekodierung und -kompression, die eben erw\u00e4hnten Voraussetzungen bereits sehr gut verwirklicht hat, wurde er ohne gr\u00f6\u00dfere \u00c4nderungen als Teil 2 in MPEG-4 integriert.<\/p>\n<p>Zus\u00e4tzlich zur Videodekodierung wurden auch noch einige Audiostandards, wie das bereits in MPEG-2 standardisierte Advanced Audio Coding (AAC) sowie die Unterst\u00fctzung f\u00fcr <i>Digital Rights Management<\/i>, welches unter der Bezeichnung IPMP (Intellectual Property Management and Protection) l\u00e4uft, in den Standard aufgenommen.Das offizielle Containerformat von MPEG-4 ist MP4.<\/p>\n<p>&nbsp;<\/p>\n","protected":false},"excerpt":{"rendered":"<p>Redesign der MPEG 4 natural audio reference decoder Software. Die ISO-Referenzsoftware wurde im Auftrag mehrerer Firmen und Institutionen der Moving Picture Expert Group\u00a0 mit dem Schwerpunkt\u00a0 auf Softwaredesign und Effizienz \u00fcberarbeitet, und somit die weiteren Entwicklungsschritte wesentlich beschleunigt. MPEG-4 ist ein MPEG-Standard (ISO\/IEC-14496), der unter anderem Verfahren zur Video- und Audiodatenkompression beschreibt. Urspr\u00fcnglich war das [&hellip;]<\/p>\n","protected":false},"author":1,"featured_media":0,"parent":10,"menu_order":0,"comment_status":"closed","ping_status":"open","template":"","meta":{"footnotes":""},"class_list":["post-100","page","type-page","status-publish","hentry"],"_links":{"self":[{"href":"https:\/\/www.seed.ch\/index.php?rest_route=\/wp\/v2\/pages\/100","targetHints":{"allow":["GET"]}}],"collection":[{"href":"https:\/\/www.seed.ch\/index.php?rest_route=\/wp\/v2\/pages"}],"about":[{"href":"https:\/\/www.seed.ch\/index.php?rest_route=\/wp\/v2\/types\/page"}],"author":[{"embeddable":true,"href":"https:\/\/www.seed.ch\/index.php?rest_route=\/wp\/v2\/users\/1"}],"replies":[{"embeddable":true,"href":"https:\/\/www.seed.ch\/index.php?rest_route=%2Fwp%2Fv2%2Fcomments&post=100"}],"version-history":[{"count":8,"href":"https:\/\/www.seed.ch\/index.php?rest_route=\/wp\/v2\/pages\/100\/revisions"}],"predecessor-version":[{"id":340,"href":"https:\/\/www.seed.ch\/index.php?rest_route=\/wp\/v2\/pages\/100\/revisions\/340"}],"up":[{"embeddable":true,"href":"https:\/\/www.seed.ch\/index.php?rest_route=\/wp\/v2\/pages\/10"}],"wp:attachment":[{"href":"https:\/\/www.seed.ch\/index.php?rest_route=%2Fwp%2Fv2%2Fmedia&parent=100"}],"curies":[{"name":"wp","href":"https:\/\/api.w.org\/{rel}","templated":true}]}}