{"id":10,"date":"2013-01-18T14:07:53","date_gmt":"2013-01-18T12:07:53","guid":{"rendered":"http:\/\/www.s451240039.online.de\/wordpress\/?page_id=10"},"modified":"2021-05-19T12:22:34","modified_gmt":"2021-05-19T10:22:34","slug":"referenzen","status":"publish","type":"page","link":"https:\/\/www.seed.ch\/?page_id=10","title":{"rendered":"Referenzen"},"content":{"rendered":"<h2 align=\"justify\"><strong>Matrix Vision GmbH, Oppenweiler<\/strong><\/h2>\n<p align=\"justify\"><a href=\"https:\/\/www.seed.ch\/?attachment_id=28\" rel=\"attachment wp-att-28\"><img loading=\"lazy\" decoding=\"async\" src=\"https:\/\/www.seed.ch\/wp-content\/uploads\/2013\/01\/matlogog.gif\" alt=\"matlogog\" width=\"400\" height=\"82\" \/><\/a><\/p>\n<p align=\"justify\">Realisierung von Algorithmen f\u00fcr die digitale Bildverarbeitung.[<a title=\"Matrix Vision GmbH, Oppenweiler\" href=\"https:\/\/www.seed.ch\/?page_id=27\">mehr&#8230;]<\/a><\/p>\n<h2><strong>Otto Lift Systeme, Augsburg<\/strong><\/h2>\n<p><a href=\"https:\/\/www.seed.ch\/?attachment_id=48\" rel=\"attachment wp-att-48\"><img loading=\"lazy\" decoding=\"async\" src=\"https:\/\/www.seed.ch\/wp-content\/uploads\/2013\/01\/ottologo.gif\" alt=\"ottologo\" width=\"120\" height=\"118\" \/><\/a><\/p>\n<p>Erstellung einer Softwarel\u00f6sung zur automatischen Erfassung von Wiegedaten f\u00fcr die Entsorgungsbranche.[<a title=\"Otto Lift Systeme GmbH, Augsburg\" href=\"https:\/\/www.seed.ch\/?page_id=47\">mehr&#8230;]<\/a><\/p>\n<h2><strong>Hitex Development Tools GmbH, Karlsruhe\u00a0<\/strong><\/h2>\n<p><a href=\"https:\/\/www.seed.ch\/?attachment_id=82\" rel=\"attachment wp-att-82\"><img loading=\"lazy\" decoding=\"async\" class=\"alignnone size-full wp-image-82\" src=\"https:\/\/www.seed.ch\/wp-content\/uploads\/2013\/01\/hitex_logo.gif\" alt=\"hitex_logo\" width=\"300\" height=\"65\" \/><\/a><\/p>\n<p>Design und Implementierung von Symbolpr\u00e4prozessoren f\u00fcr In-Circuit Emulatoren.[<a title=\"Otto Lift Systeme GmbH, Augsburg\" href=\"https:\/\/www.seed.ch\/?page_id=86\">mehr&#8230;]<\/a><\/p>\n<h2><strong>Fraunhofer Institut f\u00fcr integrierte Schaltungen, Erlangen<\/strong><\/h2>\n<p align=\"justify\"><a href=\"https:\/\/www.seed.ch\/?attachment_id=60\" rel=\"attachment wp-att-60\"><img loading=\"lazy\" decoding=\"async\" src=\"https:\/\/www.seed.ch\/wp-content\/uploads\/2013\/01\/iis_logo.gif\" alt=\"iis_logo\" width=\"166\" height=\"55\" \/><\/a><\/p>\n<p align=\"justify\">Design und Implementierung von Softwarel\u00f6sungen f\u00fcr die Kompression und Dekompression von Audiodaten im MP3-Format.[<a title=\"Fraunhofer Institut f\u00fcr integrierte Schaltungen, Erlangen\" href=\"https:\/\/www.seed.ch\/?page_id=57\">mehr&#8230;]<\/a><\/p>\n<h2><strong>Codingtechnologies GmbH, N\u00fcrnberg<\/strong><\/h2>\n<p><a href=\"https:\/\/www.seed.ch\/?attachment_id=94\" rel=\"attachment wp-att-94\"><img loading=\"lazy\" decoding=\"async\" class=\"alignnone size-full wp-image-94\" src=\"https:\/\/www.seed.ch\/wp-content\/uploads\/2013\/01\/ct_logo.gif\" alt=\"ct_logo\" width=\"226\" height=\"105\" \/><\/a><\/p>\n<p>Design komplexer Softwarel\u00f6sungen in dem Bereich digitale Audiocodierung.[<a title=\"Codingtechnologies GmbH, N\u00fcrnberg\" href=\"https:\/\/www.seed.ch\/?page_id=97\">mehr&#8230;]<\/a><\/p>\n<h2><strong>Moving Picture Experts Group (MPEG), ISO\/IEC JTC1\/SC29\/WG11<\/strong><\/h2>\n<p><a href=\"https:\/\/www.seed.ch\/?attachment_id=95\" rel=\"attachment wp-att-95\"><img loading=\"lazy\" decoding=\"async\" class=\"alignnone size-full wp-image-95\" src=\"https:\/\/www.seed.ch\/wp-content\/uploads\/2013\/01\/mpeg.gif\" alt=\"mpeg\" width=\"130\" height=\"162\" \/><\/a><\/p>\n<p>Redesign der MPEG 4 natural audio reference decoder Software.[<a title=\"Moving Picture Experts Group (MPEG), ISO\/IEC JTC1\/SC29\/WG11\" href=\"https:\/\/www.seed.ch\/?page_id=100\">mehr&#8230;]<\/a><\/p>\n<h2>Dolby Deutschland GmbH, N\u00fcrnberg<\/h2>\n<p><a href=\"https:\/\/www.seed.ch\/?attachment_id=173\" rel=\"attachment wp-att-173\"><img loading=\"lazy\" decoding=\"async\" src=\"https:\/\/www.seed.ch\/wp-content\/uploads\/2013\/01\/dolby-logo.jpg\" alt=\"dolby-logo\" width=\"240\" height=\"100\" \/><\/a><\/p>\n<p>Design von optimierten Intrinsics Bibliotheken f\u00fcr verschiedene DSP Plattformen sowie Portierung von Dolby Digital Plus Encoder \/ Decoder Referenz Code.[<a title=\"Dolby Deutschland GmbH, N\u00fcrnberg\" href=\"https:\/\/www.seed.ch\/?page_id=162\">mehr&#8230;]<\/a><\/p>\n<h2><strong>iBiquity Digital Corporation<\/strong>, Columbia<\/h2>\n<p><a href=\"https:\/\/www.seed.ch\/?attachment_id=225\" rel=\"attachment wp-att-225\"><img loading=\"lazy\" decoding=\"async\" class=\"alignnone size-full wp-image-225\" src=\"https:\/\/www.seed.ch\/wp-content\/uploads\/2016\/01\/Ibiquity-Logo.jpg\" alt=\"Ibiquity Logo\" width=\"250\" height=\"110\" \/><\/a><\/p>\n<p align=\"justify\">Implementierung und Optimierung des HD Radio&#x2122; Codecs f\u00fcr die ARM Cortex A9 Platform.<a href=\"https:\/\/www.seed.ch\/?page_id=228\">[mehr&#8230;]<\/a><\/p>\n","protected":false},"excerpt":{"rendered":"<p>Matrix Vision GmbH, Oppenweiler Realisierung von Algorithmen f\u00fcr die digitale Bildverarbeitung.[mehr&#8230;] Otto Lift Systeme, Augsburg Erstellung einer Softwarel\u00f6sung zur automatischen Erfassung von Wiegedaten f\u00fcr die Entsorgungsbranche.[mehr&#8230;] Hitex Development Tools GmbH, Karlsruhe\u00a0 Design und Implementierung von Symbolpr\u00e4prozessoren f\u00fcr In-Circuit Emulatoren.[mehr&#8230;] Fraunhofer Institut f\u00fcr integrierte Schaltungen, Erlangen Design und Implementierung von Softwarel\u00f6sungen f\u00fcr die Kompression und Dekompression [&hellip;]<\/p>\n","protected":false},"author":1,"featured_media":0,"parent":0,"menu_order":1,"comment_status":"closed","ping_status":"open","template":"","meta":{"footnotes":""},"class_list":["post-10","page","type-page","status-publish","hentry"],"_links":{"self":[{"href":"https:\/\/www.seed.ch\/index.php?rest_route=\/wp\/v2\/pages\/10","targetHints":{"allow":["GET"]}}],"collection":[{"href":"https:\/\/www.seed.ch\/index.php?rest_route=\/wp\/v2\/pages"}],"about":[{"href":"https:\/\/www.seed.ch\/index.php?rest_route=\/wp\/v2\/types\/page"}],"author":[{"embeddable":true,"href":"https:\/\/www.seed.ch\/index.php?rest_route=\/wp\/v2\/users\/1"}],"replies":[{"embeddable":true,"href":"https:\/\/www.seed.ch\/index.php?rest_route=%2Fwp%2Fv2%2Fcomments&post=10"}],"version-history":[{"count":42,"href":"https:\/\/www.seed.ch\/index.php?rest_route=\/wp\/v2\/pages\/10\/revisions"}],"predecessor-version":[{"id":343,"href":"https:\/\/www.seed.ch\/index.php?rest_route=\/wp\/v2\/pages\/10\/revisions\/343"}],"wp:attachment":[{"href":"https:\/\/www.seed.ch\/index.php?rest_route=%2Fwp%2Fv2%2Fmedia&parent=10"}],"curies":[{"name":"wp","href":"https:\/\/api.w.org\/{rel}","templated":true}]}}